{"id":306,"date":"2025-10-23T17:43:30","date_gmt":"2025-10-23T15:43:30","guid":{"rendered":"https:\/\/inverfood.es\/?post_type=product&#038;p=306"},"modified":"2025-10-25T18:12:42","modified_gmt":"2025-10-25T16:12:42","slug":"levadura-de-cerveza","status":"publish","type":"product","link":"https:\/\/inverfood.es\/?product=levadura-de-cerveza","title":{"rendered":"Levadura de cerveza"},"content":{"rendered":"<p data-start=\"199\" data-end=\"344\">La levadura de cerveza es una fuente rica en prote\u00ednas, vitaminas del complejo B y minerales esenciales que fortalecen tu cuerpo desde adentro.<\/p>\n<p data-start=\"346\" data-end=\"646\"><strong data-start=\"346\" data-end=\"373\">Beneficios principales:<\/strong><br data-start=\"373\" data-end=\"376\" \/>\u2022 Favorece el crecimiento y fortalecimiento del cabello, piel y u\u00f1as\u00a0<br data-start=\"446\" data-end=\"449\" \/>\u2022 Contribuye a la salud intestinal y digestiva\u00a0<br data-start=\"498\" data-end=\"501\" \/>\u2022 Aporta energ\u00eda y vitalidad de forma natural\u00a0<br data-start=\"548\" data-end=\"551\" \/>\u2022 Refuerza el sistema inmunol\u00f3gico\u00a0<br data-start=\"589\" data-end=\"592\" \/>\u2022 Ayuda a equilibrar el metabolismo y el apetito<\/p>\n<p data-start=\"648\" data-end=\"732\"><strong data-start=\"648\" data-end=\"667\">Presentaciones:<\/strong><br data-start=\"667\" data-end=\"670\" \/>\u2022 500 g \u2192 S\/ 25.00<br data-start=\"688\" data-end=\"691\" \/>\u2022 1 kg \u2192 S\/ 40.00<\/p>\n\n    <div class=\"xs_social_share_widget xs_share_url after_content \t\tmain_content  wslu-style-1 wslu-share-box-shaped wslu-fill-colored wslu-none wslu-share-horizontal wslu-theme-font-no wslu-main_content\">\n\n\t\t\n        <ul>\n\t\t\t        <\/ul>\n    <\/div> \n","protected":false},"excerpt":{"rendered":"<p>Nuestra levadura de cerveza , es rica en prote\u00ednas, vitaminas del complejo B y minerales esenciales. Este suplemento natural contribuye al fortalecimiento del cabello, la piel y las u\u00f1as, adem\u00e1s de favorecer la digesti\u00f3n y el bienestar general.<\/p>\n","protected":false},"featured_media":315,"comment_status":"open","ping_status":"closed","template":"","meta":{"postBodyCss":"","postBodyMargin":[],"postBodyPadding":[],"postBodyBackground":{"backgroundType":"classic","gradient":""},"site-sidebar-layout":"default","site-content-layout":"","ast-site-content-layout":"default","site-content-style":"default","site-sidebar-style":"default","ast-global-header-display":"","ast-banner-title-visibility":"","ast-main-header-display":"","ast-hfb-above-header-display":"","ast-hfb-below-header-display":"","ast-hfb-mobile-header-display":"","site-post-title":"","ast-breadcrumbs-content":"","ast-featured-img":"","footer-sml-layout":"","ast-disable-related-posts":"","theme-transparent-header-meta":"default","adv-header-id-meta":"","stick-header-meta":"","header-above-stick-meta":"","header-main-stick-meta":"","header-below-stick-meta":"","astra-migrate-meta-layouts":"set","ast-page-background-enabled":"default","ast-page-background-meta":{"desktop":{"background-color":"var(--ast-global-color-5)","background-image":"","background-repeat":"repeat","background-position":"center center","background-size":"auto","background-attachment":"scroll","background-type":"","background-media":"","overlay-type":"","overlay-color":"","overlay-opacity":"","overlay-gradient":""},"tablet":{"background-color":"","background-image":"","background-repeat":"repeat","background-position":"center center","background-size":"auto","background-attachment":"scroll","background-type":"","background-media":"","overlay-type":"","overlay-color":"","overlay-opacity":"","overlay-gradient":""},"mobile":{"background-color":"","background-image":"","background-repeat":"repeat","background-position":"center center","background-size":"auto","background-attachment":"scroll","background-type":"","background-media":"","overlay-type":"","overlay-color":"","overlay-opacity":"","overlay-gradient":""}},"ast-content-background-meta":{"desktop":{"background-color":"var(--ast-global-color-4)","background-image":"","background-repeat":"repeat","background-position":"center center","background-size":"auto","background-attachment":"scroll","background-type":"","background-media":"","overlay-type":"","overlay-color":"","overlay-opacity":"","overlay-gradient":""},"tablet":{"background-color":"var(--ast-global-color-4)","background-image":"","background-repeat":"repeat","background-position":"center center","background-size":"auto","background-attachment":"scroll","background-type":"","background-media":"","overlay-type":"","overlay-color":"","overlay-opacity":"","overlay-gradient":""},"mobile":{"background-color":"var(--ast-global-color-4)","background-image":"","background-repeat":"repeat","background-position":"center center","background-size":"auto","background-attachment":"scroll","background-type":"","background-media":"","overlay-type":"","overlay-color":"","overlay-opacity":"","overlay-gradient":""}}},"product_brand":[],"product_cat":[23],"product_tag":[],"class_list":{"0":"post-306","1":"product","2":"type-product","3":"status-publish","4":"has-post-thumbnail","6":"product_cat-harinas","7":"desktop-align-left","8":"tablet-align-left","9":"mobile-align-left","11":"first","12":"instock","13":"shipping-taxable","14":"purchasable","15":"product-type-simple"},"_links":{"self":[{"href":"https:\/\/inverfood.es\/index.php?rest_route=\/wp\/v2\/product\/306","targetHints":{"allow":["GET"]}}],"collection":[{"href":"https:\/\/inverfood.es\/index.php?rest_route=\/wp\/v2\/product"}],"about":[{"href":"https:\/\/inverfood.es\/index.php?rest_route=\/wp\/v2\/types\/product"}],"replies":[{"embeddable":true,"href":"https:\/\/inverfood.es\/index.php?rest_route=%2Fwp%2Fv2%2Fcomments&post=306"}],"wp:featuredmedia":[{"embeddable":true,"href":"https:\/\/inverfood.es\/index.php?rest_route=\/wp\/v2\/media\/315"}],"wp:attachment":[{"href":"https:\/\/inverfood.es\/index.php?rest_route=%2Fwp%2Fv2%2Fmedia&parent=306"}],"wp:term":[{"taxonomy":"product_brand","embeddable":true,"href":"https:\/\/inverfood.es\/index.php?rest_route=%2Fwp%2Fv2%2Fproduct_brand&post=306"},{"taxonomy":"product_cat","embeddable":true,"href":"https:\/\/inverfood.es\/index.php?rest_route=%2Fwp%2Fv2%2Fproduct_cat&post=306"},{"taxonomy":"product_tag","embeddable":true,"href":"https:\/\/inverfood.es\/index.php?rest_route=%2Fwp%2Fv2%2Fproduct_tag&post=306"}],"curies":[{"name":"wp","href":"https:\/\/api.w.org\/{rel}","templated":true}]}}