{"id":309,"date":"2025-10-23T17:45:54","date_gmt":"2025-10-23T15:45:54","guid":{"rendered":"https:\/\/inverfood.es\/?post_type=product&#038;p=309"},"modified":"2025-10-25T18:26:30","modified_gmt":"2025-10-25T16:26:30","slug":"harina-de-moringa","status":"publish","type":"product","link":"https:\/\/inverfood.es\/?product=harina-de-moringa","title":{"rendered":"Harina de Moringa"},"content":{"rendered":"<p data-start=\"271\" data-end=\"570\">La harina de moringa es un superalimento natural rico en prote\u00ednas vegetales, hierro, calcio, antioxidantes y vitaminas A y C. Su alto valor nutricional la convierte en un excelente complemento para fortalecer el sistema inmunol\u00f3gico, mejorar la digesti\u00f3n y mantener la energ\u00eda durante el d\u00eda.<\/p>\n<p data-start=\"572\" data-end=\"849\"><strong>Beneficios principales:<\/strong><br data-start=\"599\" data-end=\"602\" \/>\u2022 Refuerza el sistema inmunol\u00f3gico\u00a0<br data-start=\"640\" data-end=\"643\" \/>\u2022 Aporta energ\u00eda y vitalidad natural\u00a0<br data-start=\"681\" data-end=\"684\" \/>\u2022 Favorece la digesti\u00f3n y el metabolismo\u00a0<br data-start=\"727\" data-end=\"730\" \/>\u2022 Contribuye a la salud de la piel y el cabello<\/p>\n<p data-start=\"572\" data-end=\"849\"><strong>Presentaciones:<\/strong><br data-start=\"870\" data-end=\"873\" \/>\u2022 250 g \u2192 S\/ 20.00<br data-start=\"891\" data-end=\"894\" \/>\u2022 500 g \u2192 S\/ 35.00<br data-start=\"911\" data-end=\"914\" \/>\u2022 1 kg \u2192 S\/ 60.00<\/p>\n\n    <div class=\"xs_social_share_widget xs_share_url after_content \t\tmain_content  wslu-style-1 wslu-share-box-shaped wslu-fill-colored wslu-none wslu-share-horizontal wslu-theme-font-no wslu-main_content\">\n\n\t\t\n        <ul>\n\t\t\t        <\/ul>\n    <\/div> \n","protected":false},"excerpt":{"rendered":"<p data-start=\"264\" data-end=\"612\">Nuestra harina de moringa es rica\u00a0en prote\u00ednas vegetales, hierro, calcio, potasio y vitaminas A, C y E, este superalimento natural ayuda a fortalecer el sistema inmunol\u00f3gico, aumentar la energ\u00eda y mejorar el bienestar general.<\/p>\n","protected":false},"featured_media":313,"comment_status":"open","ping_status":"closed","template":"","meta":{"postBodyCss":"","postBodyMargin":[],"postBodyPadding":[],"postBodyBackground":{"backgroundType":"classic","gradient":""},"site-sidebar-layout":"default","site-content-layout":"","ast-site-content-layout":"default","site-content-style":"default","site-sidebar-style":"default","ast-global-header-display":"","ast-banner-title-visibility":"","ast-main-header-display":"","ast-hfb-above-header-display":"","ast-hfb-below-header-display":"","ast-hfb-mobile-header-display":"","site-post-title":"","ast-breadcrumbs-content":"","ast-featured-img":"","footer-sml-layout":"","ast-disable-related-posts":"","theme-transparent-header-meta":"default","adv-header-id-meta":"","stick-header-meta":"","header-above-stick-meta":"","header-main-stick-meta":"","header-below-stick-meta":"","astra-migrate-meta-layouts":"set","ast-page-background-enabled":"default","ast-page-background-meta":{"desktop":{"background-color":"var(--ast-global-color-5)","background-image":"","background-repeat":"repeat","background-position":"center center","background-size":"auto","background-attachment":"scroll","background-type":"","background-media":"","overlay-type":"","overlay-color":"","overlay-opacity":"","overlay-gradient":""},"tablet":{"background-color":"","background-image":"","background-repeat":"repeat","background-position":"center center","background-size":"auto","background-attachment":"scroll","background-type":"","background-media":"","overlay-type":"","overlay-color":"","overlay-opacity":"","overlay-gradient":""},"mobile":{"background-color":"","background-image":"","background-repeat":"repeat","background-position":"center center","background-size":"auto","background-attachment":"scroll","background-type":"","background-media":"","overlay-type":"","overlay-color":"","overlay-opacity":"","overlay-gradient":""}},"ast-content-background-meta":{"desktop":{"background-color":"var(--ast-global-color-4)","background-image":"","background-repeat":"repeat","background-position":"center center","background-size":"auto","background-attachment":"scroll","background-type":"","background-media":"","overlay-type":"","overlay-color":"","overlay-opacity":"","overlay-gradient":""},"tablet":{"background-color":"var(--ast-global-color-4)","background-image":"","background-repeat":"repeat","background-position":"center center","background-size":"auto","background-attachment":"scroll","background-type":"","background-media":"","overlay-type":"","overlay-color":"","overlay-opacity":"","overlay-gradient":""},"mobile":{"background-color":"var(--ast-global-color-4)","background-image":"","background-repeat":"repeat","background-position":"center center","background-size":"auto","background-attachment":"scroll","background-type":"","background-media":"","overlay-type":"","overlay-color":"","overlay-opacity":"","overlay-gradient":""}}},"product_brand":[],"product_cat":[23],"product_tag":[],"class_list":{"0":"post-309","1":"product","2":"type-product","3":"status-publish","4":"has-post-thumbnail","6":"product_cat-harinas","7":"desktop-align-left","8":"tablet-align-left","9":"mobile-align-left","11":"first","12":"instock","13":"shipping-taxable","14":"purchasable","15":"product-type-simple"},"_links":{"self":[{"href":"https:\/\/inverfood.es\/index.php?rest_route=\/wp\/v2\/product\/309","targetHints":{"allow":["GET"]}}],"collection":[{"href":"https:\/\/inverfood.es\/index.php?rest_route=\/wp\/v2\/product"}],"about":[{"href":"https:\/\/inverfood.es\/index.php?rest_route=\/wp\/v2\/types\/product"}],"replies":[{"embeddable":true,"href":"https:\/\/inverfood.es\/index.php?rest_route=%2Fwp%2Fv2%2Fcomments&post=309"}],"wp:featuredmedia":[{"embeddable":true,"href":"https:\/\/inverfood.es\/index.php?rest_route=\/wp\/v2\/media\/313"}],"wp:attachment":[{"href":"https:\/\/inverfood.es\/index.php?rest_route=%2Fwp%2Fv2%2Fmedia&parent=309"}],"wp:term":[{"taxonomy":"product_brand","embeddable":true,"href":"https:\/\/inverfood.es\/index.php?rest_route=%2Fwp%2Fv2%2Fproduct_brand&post=309"},{"taxonomy":"product_cat","embeddable":true,"href":"https:\/\/inverfood.es\/index.php?rest_route=%2Fwp%2Fv2%2Fproduct_cat&post=309"},{"taxonomy":"product_tag","embeddable":true,"href":"https:\/\/inverfood.es\/index.php?rest_route=%2Fwp%2Fv2%2Fproduct_tag&post=309"}],"curies":[{"name":"wp","href":"https:\/\/api.w.org\/{rel}","templated":true}]}}