{"id":355,"date":"2025-12-20T19:53:24","date_gmt":"2025-12-20T18:53:24","guid":{"rendered":"https:\/\/inverfood.es\/?post_type=product&#038;p=355"},"modified":"2025-12-24T03:37:29","modified_gmt":"2025-12-24T02:37:29","slug":"maltitol","status":"publish","type":"product","link":"https:\/\/inverfood.es\/?product=maltitol","title":{"rendered":"Maltitol"},"content":{"rendered":"<p data-start=\"320\" data-end=\"645\"><strong data-start=\"320\" data-end=\"347\">Beneficios principales:<\/strong><br data-start=\"347\" data-end=\"350\" \/>\u2022 Dulzor similar al az\u00facar con menor aporte cal\u00f3rico<br data-start=\"402\" data-end=\"405\" \/>\u2022 No favorece la cristalizaci\u00f3n y mejora la textura<br data-start=\"456\" data-end=\"459\" \/>\u2022 Aporta cuerpo y volumen en productos sin az\u00facar<br data-start=\"508\" data-end=\"511\" \/>\u2022 Bajo impacto en la glucosa en comparaci\u00f3n con el az\u00facar<br data-start=\"568\" data-end=\"571\" \/>\u2022 Ideal para confiter\u00eda, panader\u00eda, chocolater\u00eda y alimentos funcionales<\/p>\n<p data-start=\"647\" data-end=\"697\"><strong data-start=\"647\" data-end=\"666\">Presentaciones:<\/strong><br data-start=\"666\" data-end=\"669\" \/>\u2022 500 g \u2192 S\/ 15.00<br data-start=\"676\" data-end=\"679\" \/>\u2022 1 kg \u2192 S\/ 25.00<br data-start=\"685\" data-end=\"688\" \/>\u2022 25 kg \u2192 S\/ 375.00<\/p>\n\n    <div class=\"xs_social_share_widget xs_share_url after_content \t\tmain_content  wslu-style-1 wslu-share-box-shaped wslu-fill-colored wslu-none wslu-share-horizontal wslu-theme-font-no wslu-main_content\">\n\n\t\t\n        <ul>\n\t\t\t        <\/ul>\n    <\/div> \n","protected":false},"excerpt":{"rendered":"<p>El <strong>Maltitol<\/strong> es un edulcorante y agente de carga ampliamente utilizado en la industria alimentaria como alternativa al az\u00facar. Aporta dulzor similar al az\u00facar con menos calor\u00edas, mejora la textura y el volumen de las formulaciones, y es ideal para productos sin az\u00facar, confiter\u00eda, panader\u00eda y alimentos funcionales.<\/p>\n","protected":false},"featured_media":413,"comment_status":"open","ping_status":"closed","template":"","meta":{"postBodyCss":"","postBodyMargin":[],"postBodyPadding":[],"postBodyBackground":{"backgroundType":"classic","gradient":""},"site-sidebar-layout":"default","site-content-layout":"","ast-site-content-layout":"default","site-content-style":"default","site-sidebar-style":"default","ast-global-header-display":"","ast-banner-title-visibility":"","ast-main-header-display":"","ast-hfb-above-header-display":"","ast-hfb-below-header-display":"","ast-hfb-mobile-header-display":"","site-post-title":"","ast-breadcrumbs-content":"","ast-featured-img":"","footer-sml-layout":"","ast-disable-related-posts":"","theme-transparent-header-meta":"default","adv-header-id-meta":"","stick-header-meta":"","header-above-stick-meta":"","header-main-stick-meta":"","header-below-stick-meta":"","astra-migrate-meta-layouts":"set","ast-page-background-enabled":"default","ast-page-background-meta":{"desktop":{"background-color":"var(--ast-global-color-5)","background-image":"","background-repeat":"repeat","background-position":"center center","background-size":"auto","background-attachment":"scroll","background-type":"","background-media":"","overlay-type":"","overlay-color":"","overlay-opacity":"","overlay-gradient":""},"tablet":{"background-color":"","background-image":"","background-repeat":"repeat","background-position":"center center","background-size":"auto","background-attachment":"scroll","background-type":"","background-media":"","overlay-type":"","overlay-color":"","overlay-opacity":"","overlay-gradient":""},"mobile":{"background-color":"","background-image":"","background-repeat":"repeat","background-position":"center center","background-size":"auto","background-attachment":"scroll","background-type":"","background-media":"","overlay-type":"","overlay-color":"","overlay-opacity":"","overlay-gradient":""}},"ast-content-background-meta":{"desktop":{"background-color":"var(--ast-global-color-4)","background-image":"","background-repeat":"repeat","background-position":"center center","background-size":"auto","background-attachment":"scroll","background-type":"","background-media":"","overlay-type":"","overlay-color":"","overlay-opacity":"","overlay-gradient":""},"tablet":{"background-color":"var(--ast-global-color-4)","background-image":"","background-repeat":"repeat","background-position":"center center","background-size":"auto","background-attachment":"scroll","background-type":"","background-media":"","overlay-type":"","overlay-color":"","overlay-opacity":"","overlay-gradient":""},"mobile":{"background-color":"var(--ast-global-color-4)","background-image":"","background-repeat":"repeat","background-position":"center center","background-size":"auto","background-attachment":"scroll","background-type":"","background-media":"","overlay-type":"","overlay-color":"","overlay-opacity":"","overlay-gradient":""}}},"product_brand":[],"product_cat":[21],"product_tag":[],"class_list":{"0":"post-355","1":"product","2":"type-product","3":"status-publish","4":"has-post-thumbnail","6":"product_cat-edulcorantes","7":"desktop-align-left","8":"tablet-align-left","9":"mobile-align-left","11":"first","12":"instock","13":"shipping-taxable","14":"purchasable","15":"product-type-simple"},"_links":{"self":[{"href":"https:\/\/inverfood.es\/index.php?rest_route=\/wp\/v2\/product\/355","targetHints":{"allow":["GET"]}}],"collection":[{"href":"https:\/\/inverfood.es\/index.php?rest_route=\/wp\/v2\/product"}],"about":[{"href":"https:\/\/inverfood.es\/index.php?rest_route=\/wp\/v2\/types\/product"}],"replies":[{"embeddable":true,"href":"https:\/\/inverfood.es\/index.php?rest_route=%2Fwp%2Fv2%2Fcomments&post=355"}],"wp:featuredmedia":[{"embeddable":true,"href":"https:\/\/inverfood.es\/index.php?rest_route=\/wp\/v2\/media\/413"}],"wp:attachment":[{"href":"https:\/\/inverfood.es\/index.php?rest_route=%2Fwp%2Fv2%2Fmedia&parent=355"}],"wp:term":[{"taxonomy":"product_brand","embeddable":true,"href":"https:\/\/inverfood.es\/index.php?rest_route=%2Fwp%2Fv2%2Fproduct_brand&post=355"},{"taxonomy":"product_cat","embeddable":true,"href":"https:\/\/inverfood.es\/index.php?rest_route=%2Fwp%2Fv2%2Fproduct_cat&post=355"},{"taxonomy":"product_tag","embeddable":true,"href":"https:\/\/inverfood.es\/index.php?rest_route=%2Fwp%2Fv2%2Fproduct_tag&post=355"}],"curies":[{"name":"wp","href":"https:\/\/api.w.org\/{rel}","templated":true}]}}