{"id":356,"date":"2025-12-20T20:12:06","date_gmt":"2025-12-20T19:12:06","guid":{"rendered":"https:\/\/inverfood.es\/?post_type=product&#038;p=356"},"modified":"2025-12-24T03:36:23","modified_gmt":"2025-12-24T02:36:23","slug":"polidextrosa","status":"publish","type":"product","link":"https:\/\/inverfood.es\/?product=polidextrosa","title":{"rendered":"Polidextrosa"},"content":{"rendered":"<p data-start=\"332\" data-end=\"637\"><strong data-start=\"332\" data-end=\"359\">Beneficios principales:<\/strong><br data-start=\"359\" data-end=\"362\" \/>\u2022 Aporta fibra diet\u00e9tica con bajo valor cal\u00f3rico<br data-start=\"410\" data-end=\"413\" \/>\u2022 Mejora la textura y el cuerpo de las formulaciones<br data-start=\"465\" data-end=\"468\" \/>\u2022 Ayuda a reducir az\u00facar y grasa en productos procesados<br data-start=\"524\" data-end=\"527\" \/>\u2022 Ideal para bebidas, panader\u00eda, l\u00e1cteos, confiter\u00eda y alimentos funcionales<\/p>\n<p data-start=\"639\" data-end=\"689\"><strong data-start=\"639\" data-end=\"658\">Presentaciones:<\/strong><br data-start=\"658\" data-end=\"661\" \/>\u2022 1 kg \u2192 S\/ 15.00<br data-start=\"677\" data-end=\"680\" \/>\u2022 25 kg \u2192 S\/ 205.00<\/p>\n\n    <div class=\"xs_social_share_widget xs_share_url after_content \t\tmain_content  wslu-style-1 wslu-share-box-shaped wslu-fill-colored wslu-none wslu-share-horizontal wslu-theme-font-no wslu-main_content\">\n\n\t\t\n        <ul>\n\t\t\t        <\/ul>\n    <\/div> \n","protected":false},"excerpt":{"rendered":"<p>La <strong data-start=\"3\" data-end=\"19\">polidextrosa<\/strong> es una <strong data-start=\"27\" data-end=\"54\">fibra soluble funcional<\/strong> utilizada en la industria alimentaria para mejorar la textura y el contenido de fibra de los alimentos.<\/p>\n","protected":false},"featured_media":412,"comment_status":"open","ping_status":"closed","template":"","meta":{"postBodyCss":"","postBodyMargin":[],"postBodyPadding":[],"postBodyBackground":{"backgroundType":"classic","gradient":""},"site-sidebar-layout":"default","site-content-layout":"","ast-site-content-layout":"default","site-content-style":"default","site-sidebar-style":"default","ast-global-header-display":"","ast-banner-title-visibility":"","ast-main-header-display":"","ast-hfb-above-header-display":"","ast-hfb-below-header-display":"","ast-hfb-mobile-header-display":"","site-post-title":"","ast-breadcrumbs-content":"","ast-featured-img":"","footer-sml-layout":"","ast-disable-related-posts":"","theme-transparent-header-meta":"default","adv-header-id-meta":"","stick-header-meta":"","header-above-stick-meta":"","header-main-stick-meta":"","header-below-stick-meta":"","astra-migrate-meta-layouts":"set","ast-page-background-enabled":"default","ast-page-background-meta":{"desktop":{"background-color":"var(--ast-global-color-5)","background-image":"","background-repeat":"repeat","background-position":"center center","background-size":"auto","background-attachment":"scroll","background-type":"","background-media":"","overlay-type":"","overlay-color":"","overlay-opacity":"","overlay-gradient":""},"tablet":{"background-color":"","background-image":"","background-repeat":"repeat","background-position":"center center","background-size":"auto","background-attachment":"scroll","background-type":"","background-media":"","overlay-type":"","overlay-color":"","overlay-opacity":"","overlay-gradient":""},"mobile":{"background-color":"","background-image":"","background-repeat":"repeat","background-position":"center center","background-size":"auto","background-attachment":"scroll","background-type":"","background-media":"","overlay-type":"","overlay-color":"","overlay-opacity":"","overlay-gradient":""}},"ast-content-background-meta":{"desktop":{"background-color":"var(--ast-global-color-4)","background-image":"","background-repeat":"repeat","background-position":"center center","background-size":"auto","background-attachment":"scroll","background-type":"","background-media":"","overlay-type":"","overlay-color":"","overlay-opacity":"","overlay-gradient":""},"tablet":{"background-color":"var(--ast-global-color-4)","background-image":"","background-repeat":"repeat","background-position":"center center","background-size":"auto","background-attachment":"scroll","background-type":"","background-media":"","overlay-type":"","overlay-color":"","overlay-opacity":"","overlay-gradient":""},"mobile":{"background-color":"var(--ast-global-color-4)","background-image":"","background-repeat":"repeat","background-position":"center center","background-size":"auto","background-attachment":"scroll","background-type":"","background-media":"","overlay-type":"","overlay-color":"","overlay-opacity":"","overlay-gradient":""}}},"product_brand":[],"product_cat":[21],"product_tag":[],"class_list":{"0":"post-356","1":"product","2":"type-product","3":"status-publish","4":"has-post-thumbnail","6":"product_cat-edulcorantes","7":"desktop-align-left","8":"tablet-align-left","9":"mobile-align-left","11":"first","12":"instock","13":"shipping-taxable","14":"purchasable","15":"product-type-simple"},"_links":{"self":[{"href":"https:\/\/inverfood.es\/index.php?rest_route=\/wp\/v2\/product\/356","targetHints":{"allow":["GET"]}}],"collection":[{"href":"https:\/\/inverfood.es\/index.php?rest_route=\/wp\/v2\/product"}],"about":[{"href":"https:\/\/inverfood.es\/index.php?rest_route=\/wp\/v2\/types\/product"}],"replies":[{"embeddable":true,"href":"https:\/\/inverfood.es\/index.php?rest_route=%2Fwp%2Fv2%2Fcomments&post=356"}],"wp:featuredmedia":[{"embeddable":true,"href":"https:\/\/inverfood.es\/index.php?rest_route=\/wp\/v2\/media\/412"}],"wp:attachment":[{"href":"https:\/\/inverfood.es\/index.php?rest_route=%2Fwp%2Fv2%2Fmedia&parent=356"}],"wp:term":[{"taxonomy":"product_brand","embeddable":true,"href":"https:\/\/inverfood.es\/index.php?rest_route=%2Fwp%2Fv2%2Fproduct_brand&post=356"},{"taxonomy":"product_cat","embeddable":true,"href":"https:\/\/inverfood.es\/index.php?rest_route=%2Fwp%2Fv2%2Fproduct_cat&post=356"},{"taxonomy":"product_tag","embeddable":true,"href":"https:\/\/inverfood.es\/index.php?rest_route=%2Fwp%2Fv2%2Fproduct_tag&post=356"}],"curies":[{"name":"wp","href":"https:\/\/api.w.org\/{rel}","templated":true}]}}