{"id":404,"date":"2025-12-24T03:26:33","date_gmt":"2025-12-24T02:26:33","guid":{"rendered":"https:\/\/inverfood.es\/?post_type=product&#038;p=404"},"modified":"2025-12-24T03:26:43","modified_gmt":"2025-12-24T02:26:43","slug":"harina-gelatinizada-de-maca-negra","status":"publish","type":"product","link":"https:\/\/inverfood.es\/?product=harina-gelatinizada-de-maca-negra","title":{"rendered":"Harina Gelatinizada de Maca Negra"},"content":{"rendered":"<p data-start=\"324\" data-end=\"652\"><strong data-start=\"324\" data-end=\"351\">Beneficios principales:<\/strong><br data-start=\"351\" data-end=\"354\" \/>\u2022 Aporta energ\u00eda natural y valor nutricional<br data-start=\"398\" data-end=\"401\" \/>\u2022 Mejora la digesti\u00f3n y la absorci\u00f3n de nutrientes<br data-start=\"451\" data-end=\"454\" \/>\u2022 F\u00e1cil disoluci\u00f3n en bebidas y preparaciones instant\u00e1neas<br data-start=\"512\" data-end=\"515\" \/>\u2022 Conserva las propiedades funcionales de la maca negra<br data-start=\"570\" data-end=\"573\" \/>\u2022 Ideal para batidos, suplementos, bebidas funcionales y alimentos saludables<\/p>\n<p data-start=\"654\" data-end=\"704\"><strong data-start=\"654\" data-end=\"673\">Presentaciones:<\/strong><br data-start=\"673\" data-end=\"676\" \/>\u2022 500 g \u2192 S\/ 30.00<br data-start=\"683\" data-end=\"686\" \/>\u2022 1 kg \u2192 S\/ 50.00<\/p>\n\n    <div class=\"xs_social_share_widget xs_share_url after_content \t\tmain_content  wslu-style-1 wslu-share-box-shaped wslu-fill-colored wslu-none wslu-share-horizontal wslu-theme-font-no wslu-main_content\">\n\n\t\t\n        <ul>\n\t\t\t        <\/ul>\n    <\/div> \n","protected":false},"excerpt":{"rendered":"<p>La <strong data-start=\"3\" data-end=\"40\">harina gelatinizada de maca negra<\/strong> es un <strong data-start=\"47\" data-end=\"80\">ingrediente funcional natural<\/strong> utilizado en la industria alimentaria por su r\u00e1pida solubilidad y f\u00e1cil digesti\u00f3n. Aporta energ\u00eda, valor nutricional y propiedades funcionales, siendo ideal para batidos, bebidas instant\u00e1neas, suplementos y alimentos saludables.<\/p>\n","protected":false},"featured_media":405,"comment_status":"open","ping_status":"closed","template":"","meta":{"postBodyCss":"","postBodyMargin":[],"postBodyPadding":[],"postBodyBackground":{"backgroundType":"classic","gradient":""},"site-sidebar-layout":"default","site-content-layout":"","ast-site-content-layout":"default","site-content-style":"default","site-sidebar-style":"default","ast-global-header-display":"","ast-banner-title-visibility":"","ast-main-header-display":"","ast-hfb-above-header-display":"","ast-hfb-below-header-display":"","ast-hfb-mobile-header-display":"","site-post-title":"","ast-breadcrumbs-content":"","ast-featured-img":"","footer-sml-layout":"","ast-disable-related-posts":"","theme-transparent-header-meta":"default","adv-header-id-meta":"","stick-header-meta":"","header-above-stick-meta":"","header-main-stick-meta":"","header-below-stick-meta":"","astra-migrate-meta-layouts":"set","ast-page-background-enabled":"default","ast-page-background-meta":{"desktop":{"background-color":"var(--ast-global-color-5)","background-image":"","background-repeat":"repeat","background-position":"center center","background-size":"auto","background-attachment":"scroll","background-type":"","background-media":"","overlay-type":"","overlay-color":"","overlay-opacity":"","overlay-gradient":""},"tablet":{"background-color":"","background-image":"","background-repeat":"repeat","background-position":"center center","background-size":"auto","background-attachment":"scroll","background-type":"","background-media":"","overlay-type":"","overlay-color":"","overlay-opacity":"","overlay-gradient":""},"mobile":{"background-color":"","background-image":"","background-repeat":"repeat","background-position":"center center","background-size":"auto","background-attachment":"scroll","background-type":"","background-media":"","overlay-type":"","overlay-color":"","overlay-opacity":"","overlay-gradient":""}},"ast-content-background-meta":{"desktop":{"background-color":"var(--ast-global-color-4)","background-image":"","background-repeat":"repeat","background-position":"center center","background-size":"auto","background-attachment":"scroll","background-type":"","background-media":"","overlay-type":"","overlay-color":"","overlay-opacity":"","overlay-gradient":""},"tablet":{"background-color":"var(--ast-global-color-4)","background-image":"","background-repeat":"repeat","background-position":"center center","background-size":"auto","background-attachment":"scroll","background-type":"","background-media":"","overlay-type":"","overlay-color":"","overlay-opacity":"","overlay-gradient":""},"mobile":{"background-color":"var(--ast-global-color-4)","background-image":"","background-repeat":"repeat","background-position":"center center","background-size":"auto","background-attachment":"scroll","background-type":"","background-media":"","overlay-type":"","overlay-color":"","overlay-opacity":"","overlay-gradient":""}}},"product_brand":[],"product_cat":[23],"product_tag":[],"class_list":{"0":"post-404","1":"product","2":"type-product","3":"status-publish","4":"has-post-thumbnail","6":"product_cat-harinas","7":"desktop-align-left","8":"tablet-align-left","9":"mobile-align-left","11":"first","12":"instock","13":"shipping-taxable","14":"purchasable","15":"product-type-simple"},"_links":{"self":[{"href":"https:\/\/inverfood.es\/index.php?rest_route=\/wp\/v2\/product\/404","targetHints":{"allow":["GET"]}}],"collection":[{"href":"https:\/\/inverfood.es\/index.php?rest_route=\/wp\/v2\/product"}],"about":[{"href":"https:\/\/inverfood.es\/index.php?rest_route=\/wp\/v2\/types\/product"}],"replies":[{"embeddable":true,"href":"https:\/\/inverfood.es\/index.php?rest_route=%2Fwp%2Fv2%2Fcomments&post=404"}],"wp:featuredmedia":[{"embeddable":true,"href":"https:\/\/inverfood.es\/index.php?rest_route=\/wp\/v2\/media\/405"}],"wp:attachment":[{"href":"https:\/\/inverfood.es\/index.php?rest_route=%2Fwp%2Fv2%2Fmedia&parent=404"}],"wp:term":[{"taxonomy":"product_brand","embeddable":true,"href":"https:\/\/inverfood.es\/index.php?rest_route=%2Fwp%2Fv2%2Fproduct_brand&post=404"},{"taxonomy":"product_cat","embeddable":true,"href":"https:\/\/inverfood.es\/index.php?rest_route=%2Fwp%2Fv2%2Fproduct_cat&post=404"},{"taxonomy":"product_tag","embeddable":true,"href":"https:\/\/inverfood.es\/index.php?rest_route=%2Fwp%2Fv2%2Fproduct_tag&post=404"}],"curies":[{"name":"wp","href":"https:\/\/api.w.org\/{rel}","templated":true}]}}