{"id":428,"date":"2025-12-24T04:03:13","date_gmt":"2025-12-24T03:03:13","guid":{"rendered":"https:\/\/inverfood.es\/?post_type=product&#038;p=428"},"modified":"2025-12-24T04:03:22","modified_gmt":"2025-12-24T03:03:22","slug":"bicarbonato-de-sodio","status":"publish","type":"product","link":"https:\/\/inverfood.es\/?product=bicarbonato-de-sodio","title":{"rendered":"Bicarbonato de Sodio"},"content":{"rendered":"<p data-start=\"318\" data-end=\"612\"><strong data-start=\"318\" data-end=\"345\">Beneficios principales:<\/strong><br data-start=\"345\" data-end=\"348\" \/>\u2022 Act\u00faa como agente leudante, aportando mayor volumen<br data-start=\"401\" data-end=\"404\" \/>\u2022 Regula y equilibra el pH de las formulaciones<br data-start=\"451\" data-end=\"454\" \/>\u2022 Mejora la textura y estructura de los productos<br data-start=\"503\" data-end=\"506\" \/>\u2022 Alta eficacia y r\u00e1pida reacci\u00f3n<br data-start=\"539\" data-end=\"542\" \/>\u2022 Ideal para panader\u00eda, pasteler\u00eda, reposter\u00eda y productos horneados<\/p>\n<p data-start=\"614\" data-end=\"664\"><strong data-start=\"614\" data-end=\"633\">Presentaciones:<\/strong><br data-start=\"633\" data-end=\"636\" \/>\u2022 1kg \u2192 S\/ 25.00<br data-start=\"950\" data-end=\"953\" \/>\u2022 25kg \u2192 S\/ 65.00<\/p>\n\n    <div class=\"xs_social_share_widget xs_share_url after_content \t\tmain_content  wslu-style-1 wslu-share-box-shaped wslu-fill-colored wslu-none wslu-share-horizontal wslu-theme-font-no wslu-main_content\">\n\n\t\t\n        <ul>\n\t\t\t        <\/ul>\n    <\/div> \n","protected":false},"excerpt":{"rendered":"<p>El <strong data-start=\"3\" data-end=\"27\">bicarbonato de sodio<\/strong> es un <strong data-start=\"34\" data-end=\"66\">aditivo alimentario vers\u00e1til<\/strong> utilizado en la industria alimentaria como agente leudante, regulador de acidez y neutralizante. Mejora el volumen, la textura y el pH de las preparaciones, siendo ideal para panader\u00eda, pasteler\u00eda, reposter\u00eda y productos horneados.<\/p>\n<p data-start=\"318\" data-end=\"612\"><strong data-start=\"318\" data-end=\"345\">Beneficios principales:<\/strong><br data-start=\"345\" data-end=\"348\" \/>\u2022 Act\u00faa como agente leudante, aportando mayor volumen<br data-start=\"401\" data-end=\"404\" \/>\u2022 Regula y equilibra el pH de las formulaciones<br data-start=\"451\" data-end=\"454\" \/>\u2022 Mejora la textura y estructura de los productos<br data-start=\"503\" data-end=\"506\" \/>\u2022 Alta eficacia y r\u00e1pida reacci\u00f3n<br data-start=\"539\" data-end=\"542\" \/>\u2022 Ideal para panader\u00eda, pasteler\u00eda, reposter\u00eda y productos horneados<\/p>\n<p data-start=\"614\" data-end=\"664\"><strong data-start=\"614\" data-end=\"633\">Presentaciones:<\/strong><br data-start=\"633\" data-end=\"636\" \/>\u2022 500 g<br data-start=\"643\" data-end=\"646\" \/>\u2022 1 kg<br data-start=\"652\" data-end=\"655\" \/>\u2022 25 kg<\/p>\n","protected":false},"featured_media":0,"comment_status":"open","ping_status":"closed","template":"","meta":{"postBodyCss":"","postBodyMargin":[],"postBodyPadding":[],"postBodyBackground":{"backgroundType":"classic","gradient":""},"site-sidebar-layout":"default","site-content-layout":"","ast-site-content-layout":"default","site-content-style":"default","site-sidebar-style":"default","ast-global-header-display":"","ast-banner-title-visibility":"","ast-main-header-display":"","ast-hfb-above-header-display":"","ast-hfb-below-header-display":"","ast-hfb-mobile-header-display":"","site-post-title":"","ast-breadcrumbs-content":"","ast-featured-img":"","footer-sml-layout":"","ast-disable-related-posts":"","theme-transparent-header-meta":"default","adv-header-id-meta":"","stick-header-meta":"","header-above-stick-meta":"","header-main-stick-meta":"","header-below-stick-meta":"","astra-migrate-meta-layouts":"set","ast-page-background-enabled":"default","ast-page-background-meta":{"desktop":{"background-color":"var(--ast-global-color-5)","background-image":"","background-repeat":"repeat","background-position":"center center","background-size":"auto","background-attachment":"scroll","background-type":"","background-media":"","overlay-type":"","overlay-color":"","overlay-opacity":"","overlay-gradient":""},"tablet":{"background-color":"","background-image":"","background-repeat":"repeat","background-position":"center center","background-size":"auto","background-attachment":"scroll","background-type":"","background-media":"","overlay-type":"","overlay-color":"","overlay-opacity":"","overlay-gradient":""},"mobile":{"background-color":"","background-image":"","background-repeat":"repeat","background-position":"center center","background-size":"auto","background-attachment":"scroll","background-type":"","background-media":"","overlay-type":"","overlay-color":"","overlay-opacity":"","overlay-gradient":""}},"ast-content-background-meta":{"desktop":{"background-color":"var(--ast-global-color-4)","background-image":"","background-repeat":"repeat","background-position":"center center","background-size":"auto","background-attachment":"scroll","background-type":"","background-media":"","overlay-type":"","overlay-color":"","overlay-opacity":"","overlay-gradient":""},"tablet":{"background-color":"var(--ast-global-color-4)","background-image":"","background-repeat":"repeat","background-position":"center center","background-size":"auto","background-attachment":"scroll","background-type":"","background-media":"","overlay-type":"","overlay-color":"","overlay-opacity":"","overlay-gradient":""},"mobile":{"background-color":"var(--ast-global-color-4)","background-image":"","background-repeat":"repeat","background-position":"center center","background-size":"auto","background-attachment":"scroll","background-type":"","background-media":"","overlay-type":"","overlay-color":"","overlay-opacity":"","overlay-gradient":""}}},"product_brand":[],"product_cat":[28],"product_tag":[],"class_list":{"0":"post-428","1":"product","2":"type-product","3":"status-publish","5":"product_cat-leudantes","6":"desktop-align-left","7":"tablet-align-left","8":"mobile-align-left","10":"first","11":"instock","12":"shipping-taxable","13":"purchasable","14":"product-type-simple"},"_links":{"self":[{"href":"https:\/\/inverfood.es\/index.php?rest_route=\/wp\/v2\/product\/428","targetHints":{"allow":["GET"]}}],"collection":[{"href":"https:\/\/inverfood.es\/index.php?rest_route=\/wp\/v2\/product"}],"about":[{"href":"https:\/\/inverfood.es\/index.php?rest_route=\/wp\/v2\/types\/product"}],"replies":[{"embeddable":true,"href":"https:\/\/inverfood.es\/index.php?rest_route=%2Fwp%2Fv2%2Fcomments&post=428"}],"wp:attachment":[{"href":"https:\/\/inverfood.es\/index.php?rest_route=%2Fwp%2Fv2%2Fmedia&parent=428"}],"wp:term":[{"taxonomy":"product_brand","embeddable":true,"href":"https:\/\/inverfood.es\/index.php?rest_route=%2Fwp%2Fv2%2Fproduct_brand&post=428"},{"taxonomy":"product_cat","embeddable":true,"href":"https:\/\/inverfood.es\/index.php?rest_route=%2Fwp%2Fv2%2Fproduct_cat&post=428"},{"taxonomy":"product_tag","embeddable":true,"href":"https:\/\/inverfood.es\/index.php?rest_route=%2Fwp%2Fv2%2Fproduct_tag&post=428"}],"curies":[{"name":"wp","href":"https:\/\/api.w.org\/{rel}","templated":true}]}}