{"id":92,"date":"2025-07-09T02:36:34","date_gmt":"2025-07-09T00:36:34","guid":{"rendered":"https:\/\/inverfood.es\/?post_type=product&#038;p=92"},"modified":"2025-08-17T02:33:17","modified_gmt":"2025-08-17T00:33:17","slug":"goma-xanthan","status":"publish","type":"product","link":"https:\/\/inverfood.es\/?product=goma-xanthan","title":{"rendered":"Goma Xanthan"},"content":{"rendered":"<p>La <strong data-start=\"212\" data-end=\"228\">Goma Xanthan<\/strong> es un polisac\u00e1rido biol\u00f3gico hidrof\u00edlico obtenido a partir del almid\u00f3n de ma\u00edz mediante fermentaci\u00f3n con <em data-start=\"334\" data-end=\"358\">Xanthomonas campestris<\/em>. Destaca por su poderoso efecto espesante y estabilizante, su resistencia a la cizalla y su comportamiento reol\u00f3gico pseudo\u2011pl\u00e1stico. Gracias a estas propiedades, es ampliamente utilizada en la industria alimentaria, farmac\u00e9utica, cosm\u00e9tica, qu\u00edmica fina y en perforaci\u00f3n petrolera.<\/p>\n<p data-start=\"830\" data-end=\"859\"><strong data-start=\"830\" data-end=\"859\">Presentaciones y precios:<\/strong><\/p>\n<ul data-start=\"860\" data-end=\"926\">\n<li data-start=\"860\" data-end=\"881\">\n<p data-start=\"862\" data-end=\"881\">0.5 kg \u2192 S\/ 30.00<\/p>\n<\/li>\n<li data-start=\"882\" data-end=\"904\">\n<p data-start=\"884\" data-end=\"904\">1.00 kg \u2192 S\/ 50.00<\/p>\n<\/li>\n<li data-start=\"905\" data-end=\"926\">\n<p data-start=\"907\" data-end=\"926\">25 kg \u2192 S\/ 700.00<\/p>\n<\/li>\n<\/ul>\n<p>&nbsp;<\/p>\n\n    <div class=\"xs_social_share_widget xs_share_url after_content \t\tmain_content  wslu-style-1 wslu-share-box-shaped wslu-fill-colored wslu-none wslu-share-horizontal wslu-theme-font-no wslu-main_content\">\n\n\t\t\n        <ul>\n\t\t\t        <\/ul>\n    <\/div> \n","protected":false},"excerpt":{"rendered":"<p>\u00a1Textura perfecta y estabilidad garantizada!<br data-start=\"846\" data-end=\"849\" \/>Nuestra <strong data-start=\"857\" data-end=\"873\">Goma Xanthan<\/strong> es ideal para dar cuerpo y consistencia a salsas, helados, bebidas y m\u00e1s. Alta calidad, rendimiento profesional y versatilidad en cada uso.<\/p>\n","protected":false},"featured_media":284,"comment_status":"open","ping_status":"closed","template":"","meta":{"postBodyCss":"","postBodyMargin":[],"postBodyPadding":[],"postBodyBackground":{"backgroundType":"classic","gradient":""},"site-sidebar-layout":"default","site-content-layout":"","ast-site-content-layout":"default","site-content-style":"default","site-sidebar-style":"default","ast-global-header-display":"","ast-banner-title-visibility":"","ast-main-header-display":"","ast-hfb-above-header-display":"","ast-hfb-below-header-display":"","ast-hfb-mobile-header-display":"","site-post-title":"","ast-breadcrumbs-content":"","ast-featured-img":"","footer-sml-layout":"","ast-disable-related-posts":"","theme-transparent-header-meta":"default","adv-header-id-meta":"","stick-header-meta":"","header-above-stick-meta":"","header-main-stick-meta":"","header-below-stick-meta":"","astra-migrate-meta-layouts":"set","ast-page-background-enabled":"default","ast-page-background-meta":{"desktop":{"background-color":"var(--ast-global-color-5)","background-image":"","background-repeat":"repeat","background-position":"center center","background-size":"auto","background-attachment":"scroll","background-type":"","background-media":"","overlay-type":"","overlay-color":"","overlay-opacity":"","overlay-gradient":""},"tablet":{"background-color":"","background-image":"","background-repeat":"repeat","background-position":"center center","background-size":"auto","background-attachment":"scroll","background-type":"","background-media":"","overlay-type":"","overlay-color":"","overlay-opacity":"","overlay-gradient":""},"mobile":{"background-color":"","background-image":"","background-repeat":"repeat","background-position":"center center","background-size":"auto","background-attachment":"scroll","background-type":"","background-media":"","overlay-type":"","overlay-color":"","overlay-opacity":"","overlay-gradient":""}},"ast-content-background-meta":{"desktop":{"background-color":"var(--ast-global-color-4)","background-image":"","background-repeat":"repeat","background-position":"center center","background-size":"auto","background-attachment":"scroll","background-type":"","background-media":"","overlay-type":"","overlay-color":"","overlay-opacity":"","overlay-gradient":""},"tablet":{"background-color":"var(--ast-global-color-4)","background-image":"","background-repeat":"repeat","background-position":"center center","background-size":"auto","background-attachment":"scroll","background-type":"","background-media":"","overlay-type":"","overlay-color":"","overlay-opacity":"","overlay-gradient":""},"mobile":{"background-color":"var(--ast-global-color-4)","background-image":"","background-repeat":"repeat","background-position":"center center","background-size":"auto","background-attachment":"scroll","background-type":"","background-media":"","overlay-type":"","overlay-color":"","overlay-opacity":"","overlay-gradient":""}}},"product_brand":[],"product_cat":[19],"product_tag":[],"class_list":{"0":"post-92","1":"product","2":"type-product","3":"status-publish","4":"has-post-thumbnail","6":"product_cat-espesantes-estabilizantes","7":"desktop-align-left","8":"tablet-align-left","9":"mobile-align-left","11":"first","12":"instock","13":"shipping-taxable","14":"purchasable","15":"product-type-simple"},"_links":{"self":[{"href":"https:\/\/inverfood.es\/index.php?rest_route=\/wp\/v2\/product\/92","targetHints":{"allow":["GET"]}}],"collection":[{"href":"https:\/\/inverfood.es\/index.php?rest_route=\/wp\/v2\/product"}],"about":[{"href":"https:\/\/inverfood.es\/index.php?rest_route=\/wp\/v2\/types\/product"}],"replies":[{"embeddable":true,"href":"https:\/\/inverfood.es\/index.php?rest_route=%2Fwp%2Fv2%2Fcomments&post=92"}],"wp:featuredmedia":[{"embeddable":true,"href":"https:\/\/inverfood.es\/index.php?rest_route=\/wp\/v2\/media\/284"}],"wp:attachment":[{"href":"https:\/\/inverfood.es\/index.php?rest_route=%2Fwp%2Fv2%2Fmedia&parent=92"}],"wp:term":[{"taxonomy":"product_brand","embeddable":true,"href":"https:\/\/inverfood.es\/index.php?rest_route=%2Fwp%2Fv2%2Fproduct_brand&post=92"},{"taxonomy":"product_cat","embeddable":true,"href":"https:\/\/inverfood.es\/index.php?rest_route=%2Fwp%2Fv2%2Fproduct_cat&post=92"},{"taxonomy":"product_tag","embeddable":true,"href":"https:\/\/inverfood.es\/index.php?rest_route=%2Fwp%2Fv2%2Fproduct_tag&post=92"}],"curies":[{"name":"wp","href":"https:\/\/api.w.org\/{rel}","templated":true}]}}