{"id":93,"date":"2025-07-09T02:42:37","date_gmt":"2025-07-09T00:42:37","guid":{"rendered":"https:\/\/inverfood.es\/?post_type=product&#038;p=93"},"modified":"2025-10-29T02:28:13","modified_gmt":"2025-10-29T01:28:13","slug":"carboximetil-celulosa-c-m-c","status":"publish","type":"product","link":"https:\/\/inverfood.es\/?product=carboximetil-celulosa-c-m-c","title":{"rendered":"Carboximetil Celulosa (C.M.C.)"},"content":{"rendered":"<p data-start=\"240\" data-end=\"522\">La <strong data-start=\"243\" data-end=\"277\">Carboximetil Celulosa (C.M.C.)<\/strong> es un estabilizante y espesante sint\u00e9tico de alta eficacia, obtenido a partir de la celulosa vegetal tratada con \u00e1cidos minerales. Es soluble en agua, funcional tanto en fr\u00edo como en caliente y ampliamente utilizado en la industria alimentaria.<\/p>\n<p data-start=\"524\" data-end=\"733\">Gracias a su versatilidad, es ideal para productos l\u00edquidos y semis\u00f3lidos como batidos, leches vegetales, n\u00e9ctares, jugos, salsas, postres, yogures, panader\u00eda, frituras, alimentos veganos, embutidos y chicles.<\/p>\n<p data-start=\"735\" data-end=\"764\"><strong data-start=\"735\" data-end=\"764\">Presentaciones y precios:<\/strong><\/p>\n<ul data-start=\"765\" data-end=\"831\">\n<li data-start=\"765\" data-end=\"786\">\n<p data-start=\"767\" data-end=\"786\">0.5 kg \u2192 S\/ 20.00<\/p>\n<\/li>\n<li data-start=\"787\" data-end=\"809\">\n<p data-start=\"789\" data-end=\"809\">1.00 kg \u2192 S\/ 30.00<\/p>\n<\/li>\n<li data-start=\"810\" data-end=\"831\">\n<p data-start=\"812\" data-end=\"831\">25 kg \u2192 S\/ 700.00<\/p>\n<\/li>\n<\/ul>\n\n    <div class=\"xs_social_share_widget xs_share_url after_content \t\tmain_content  wslu-style-1 wslu-share-box-shaped wslu-fill-colored wslu-none wslu-share-horizontal wslu-theme-font-no wslu-main_content\">\n\n\t\t\n        <ul>\n\t\t\t        <\/ul>\n    <\/div> \n","protected":false},"excerpt":{"rendered":"<p data-start=\"902\" data-end=\"1090\">\u00a1Dale cuerpo, estabilidad y textura uniforme a tus productos!<br data-start=\"963\" data-end=\"966\" \/>Con nuestra <strong data-start=\"978\" data-end=\"988\">C.M.C.<\/strong>, mejora batidos, jugos, salsas y mucho m\u00e1s. Soluble, eficiente y vers\u00e1til\u2026 \u00a1rinde en fr\u00edo o caliente!<\/p>\n","protected":false},"featured_media":334,"comment_status":"open","ping_status":"closed","template":"","meta":{"postBodyCss":"","postBodyMargin":[],"postBodyPadding":[],"postBodyBackground":{"backgroundType":"classic","gradient":""},"site-sidebar-layout":"default","site-content-layout":"","ast-site-content-layout":"default","site-content-style":"default","site-sidebar-style":"default","ast-global-header-display":"","ast-banner-title-visibility":"","ast-main-header-display":"","ast-hfb-above-header-display":"","ast-hfb-below-header-display":"","ast-hfb-mobile-header-display":"","site-post-title":"","ast-breadcrumbs-content":"","ast-featured-img":"","footer-sml-layout":"","ast-disable-related-posts":"","theme-transparent-header-meta":"default","adv-header-id-meta":"","stick-header-meta":"","header-above-stick-meta":"","header-main-stick-meta":"","header-below-stick-meta":"","astra-migrate-meta-layouts":"set","ast-page-background-enabled":"default","ast-page-background-meta":{"desktop":{"background-color":"var(--ast-global-color-5)","background-image":"","background-repeat":"repeat","background-position":"center center","background-size":"auto","background-attachment":"scroll","background-type":"","background-media":"","overlay-type":"","overlay-color":"","overlay-opacity":"","overlay-gradient":""},"tablet":{"background-color":"","background-image":"","background-repeat":"repeat","background-position":"center center","background-size":"auto","background-attachment":"scroll","background-type":"","background-media":"","overlay-type":"","overlay-color":"","overlay-opacity":"","overlay-gradient":""},"mobile":{"background-color":"","background-image":"","background-repeat":"repeat","background-position":"center center","background-size":"auto","background-attachment":"scroll","background-type":"","background-media":"","overlay-type":"","overlay-color":"","overlay-opacity":"","overlay-gradient":""}},"ast-content-background-meta":{"desktop":{"background-color":"var(--ast-global-color-4)","background-image":"","background-repeat":"repeat","background-position":"center center","background-size":"auto","background-attachment":"scroll","background-type":"","background-media":"","overlay-type":"","overlay-color":"","overlay-opacity":"","overlay-gradient":""},"tablet":{"background-color":"var(--ast-global-color-4)","background-image":"","background-repeat":"repeat","background-position":"center center","background-size":"auto","background-attachment":"scroll","background-type":"","background-media":"","overlay-type":"","overlay-color":"","overlay-opacity":"","overlay-gradient":""},"mobile":{"background-color":"var(--ast-global-color-4)","background-image":"","background-repeat":"repeat","background-position":"center center","background-size":"auto","background-attachment":"scroll","background-type":"","background-media":"","overlay-type":"","overlay-color":"","overlay-opacity":"","overlay-gradient":""}}},"product_brand":[],"product_cat":[19],"product_tag":[],"class_list":{"0":"post-93","1":"product","2":"type-product","3":"status-publish","4":"has-post-thumbnail","6":"product_cat-espesantes-estabilizantes","7":"desktop-align-left","8":"tablet-align-left","9":"mobile-align-left","11":"first","12":"instock","13":"shipping-taxable","14":"purchasable","15":"product-type-simple"},"_links":{"self":[{"href":"https:\/\/inverfood.es\/index.php?rest_route=\/wp\/v2\/product\/93","targetHints":{"allow":["GET"]}}],"collection":[{"href":"https:\/\/inverfood.es\/index.php?rest_route=\/wp\/v2\/product"}],"about":[{"href":"https:\/\/inverfood.es\/index.php?rest_route=\/wp\/v2\/types\/product"}],"replies":[{"embeddable":true,"href":"https:\/\/inverfood.es\/index.php?rest_route=%2Fwp%2Fv2%2Fcomments&post=93"}],"wp:featuredmedia":[{"embeddable":true,"href":"https:\/\/inverfood.es\/index.php?rest_route=\/wp\/v2\/media\/334"}],"wp:attachment":[{"href":"https:\/\/inverfood.es\/index.php?rest_route=%2Fwp%2Fv2%2Fmedia&parent=93"}],"wp:term":[{"taxonomy":"product_brand","embeddable":true,"href":"https:\/\/inverfood.es\/index.php?rest_route=%2Fwp%2Fv2%2Fproduct_brand&post=93"},{"taxonomy":"product_cat","embeddable":true,"href":"https:\/\/inverfood.es\/index.php?rest_route=%2Fwp%2Fv2%2Fproduct_cat&post=93"},{"taxonomy":"product_tag","embeddable":true,"href":"https:\/\/inverfood.es\/index.php?rest_route=%2Fwp%2Fv2%2Fproduct_tag&post=93"}],"curies":[{"name":"wp","href":"https:\/\/api.w.org\/{rel}","templated":true}]}}