{"id":96,"date":"2025-07-09T02:51:48","date_gmt":"2025-07-09T00:51:48","guid":{"rendered":"https:\/\/inverfood.es\/?post_type=product&#038;p=96"},"modified":"2025-10-29T02:09:11","modified_gmt":"2025-10-29T01:09:11","slug":"sucralosa","status":"publish","type":"product","link":"https:\/\/inverfood.es\/?product=sucralosa","title":{"rendered":"Sucralosa"},"content":{"rendered":"<p data-start=\"202\" data-end=\"511\">La <strong data-start=\"205\" data-end=\"218\">Sucralosa<\/strong> es un edulcorante artificial no cal\u00f3rico, es ideal para productos horneados, bebidas calientes o fr\u00edas, suplementos, productos farmac\u00e9uticos y confiter\u00eda.<\/p>\n<p data-start=\"726\" data-end=\"755\"><strong data-start=\"726\" data-end=\"755\">Presentaciones y precios:<\/strong><\/p>\n<ul data-start=\"756\" data-end=\"821\">\n<li data-start=\"777\" data-end=\"797\">\n<p data-start=\"779\" data-end=\"797\">500 g \u2192 S\/ 85.00<\/p>\n<\/li>\n<li data-start=\"798\" data-end=\"821\">\n<p data-start=\"800\" data-end=\"821\">1.00 kg \u2192 S\/ 170.00<\/p>\n<\/li>\n<\/ul>\n\n    <div class=\"xs_social_share_widget xs_share_url after_content \t\tmain_content  wslu-style-1 wslu-share-box-shaped wslu-fill-colored wslu-none wslu-share-horizontal wslu-theme-font-no wslu-main_content\">\n\n\t\t\n        <ul>\n\t\t\t        <\/ul>\n    <\/div> \n","protected":false},"excerpt":{"rendered":"<p>\u00a1Dulzura sin calor\u00edas, ideal para todo tipo de productos!<br data-start=\"949\" data-end=\"952\" \/>Con nuestra <strong data-start=\"964\" data-end=\"977\">Sucralosa<\/strong>, mejora el sabor de tus f\u00f3rmulas sin comprometer la salud ni la estabilidad en procesos t\u00e9rmicos.<\/p>\n","protected":false},"featured_media":281,"comment_status":"open","ping_status":"closed","template":"","meta":{"postBodyCss":"","postBodyMargin":[],"postBodyPadding":[],"postBodyBackground":{"backgroundType":"classic","gradient":""},"site-sidebar-layout":"default","site-content-layout":"","ast-site-content-layout":"default","site-content-style":"default","site-sidebar-style":"default","ast-global-header-display":"","ast-banner-title-visibility":"","ast-main-header-display":"","ast-hfb-above-header-display":"","ast-hfb-below-header-display":"","ast-hfb-mobile-header-display":"","site-post-title":"","ast-breadcrumbs-content":"","ast-featured-img":"","footer-sml-layout":"","ast-disable-related-posts":"","theme-transparent-header-meta":"default","adv-header-id-meta":"","stick-header-meta":"","header-above-stick-meta":"","header-main-stick-meta":"","header-below-stick-meta":"","astra-migrate-meta-layouts":"set","ast-page-background-enabled":"default","ast-page-background-meta":{"desktop":{"background-color":"var(--ast-global-color-5)","background-image":"","background-repeat":"repeat","background-position":"center center","background-size":"auto","background-attachment":"scroll","background-type":"","background-media":"","overlay-type":"","overlay-color":"","overlay-opacity":"","overlay-gradient":""},"tablet":{"background-color":"","background-image":"","background-repeat":"repeat","background-position":"center center","background-size":"auto","background-attachment":"scroll","background-type":"","background-media":"","overlay-type":"","overlay-color":"","overlay-opacity":"","overlay-gradient":""},"mobile":{"background-color":"","background-image":"","background-repeat":"repeat","background-position":"center center","background-size":"auto","background-attachment":"scroll","background-type":"","background-media":"","overlay-type":"","overlay-color":"","overlay-opacity":"","overlay-gradient":""}},"ast-content-background-meta":{"desktop":{"background-color":"var(--ast-global-color-4)","background-image":"","background-repeat":"repeat","background-position":"center center","background-size":"auto","background-attachment":"scroll","background-type":"","background-media":"","overlay-type":"","overlay-color":"","overlay-opacity":"","overlay-gradient":""},"tablet":{"background-color":"var(--ast-global-color-4)","background-image":"","background-repeat":"repeat","background-position":"center center","background-size":"auto","background-attachment":"scroll","background-type":"","background-media":"","overlay-type":"","overlay-color":"","overlay-opacity":"","overlay-gradient":""},"mobile":{"background-color":"var(--ast-global-color-4)","background-image":"","background-repeat":"repeat","background-position":"center center","background-size":"auto","background-attachment":"scroll","background-type":"","background-media":"","overlay-type":"","overlay-color":"","overlay-opacity":"","overlay-gradient":""}}},"product_brand":[],"product_cat":[21],"product_tag":[],"class_list":{"0":"post-96","1":"product","2":"type-product","3":"status-publish","4":"has-post-thumbnail","6":"product_cat-edulcorantes","7":"desktop-align-left","8":"tablet-align-left","9":"mobile-align-left","11":"first","12":"instock","13":"shipping-taxable","14":"purchasable","15":"product-type-simple"},"_links":{"self":[{"href":"https:\/\/inverfood.es\/index.php?rest_route=\/wp\/v2\/product\/96","targetHints":{"allow":["GET"]}}],"collection":[{"href":"https:\/\/inverfood.es\/index.php?rest_route=\/wp\/v2\/product"}],"about":[{"href":"https:\/\/inverfood.es\/index.php?rest_route=\/wp\/v2\/types\/product"}],"replies":[{"embeddable":true,"href":"https:\/\/inverfood.es\/index.php?rest_route=%2Fwp%2Fv2%2Fcomments&post=96"}],"wp:featuredmedia":[{"embeddable":true,"href":"https:\/\/inverfood.es\/index.php?rest_route=\/wp\/v2\/media\/281"}],"wp:attachment":[{"href":"https:\/\/inverfood.es\/index.php?rest_route=%2Fwp%2Fv2%2Fmedia&parent=96"}],"wp:term":[{"taxonomy":"product_brand","embeddable":true,"href":"https:\/\/inverfood.es\/index.php?rest_route=%2Fwp%2Fv2%2Fproduct_brand&post=96"},{"taxonomy":"product_cat","embeddable":true,"href":"https:\/\/inverfood.es\/index.php?rest_route=%2Fwp%2Fv2%2Fproduct_cat&post=96"},{"taxonomy":"product_tag","embeddable":true,"href":"https:\/\/inverfood.es\/index.php?rest_route=%2Fwp%2Fv2%2Fproduct_tag&post=96"}],"curies":[{"name":"wp","href":"https:\/\/api.w.org\/{rel}","templated":true}]}}